{"id":210152,"date":"2019-05-17T11:03:31","date_gmt":"2019-05-17T11:03:31","guid":{"rendered":"https:\/\/sunshinebeachvillas.com\/english\/?page_id=210152"},"modified":"2023-08-25T07:23:29","modified_gmt":"2023-08-25T07:23:29","slug":"contact-villas-en-gran-canaria","status":"publish","type":"page","link":"https:\/\/sunshinebeachvillas.com\/english\/contact-villas-en-gran-canaria\/","title":{"rendered":"CONTACT"},"content":{"rendered":"<p>[et_pb_section fb_built=&#8221;1&#8243; fullwidth=&#8221;on&#8221; _builder_version=&#8221;4.21.0&#8243; background_enable_color=&#8221;off&#8221; background_image=&#8221;https:\/\/sunshinebeachvillas.com\/english\/wp-content\/uploads\/sites\/4\/2023\/06\/pexels-marcin-jozwiak-2703825.jpg&#8221; parallax=&#8221;on&#8221; height_last_edited=&#8221;off|desktop&#8221; bottom_divider_color=&#8221;#f2eeeb&#8221; locked=&#8221;off&#8221; global_colors_info=&#8221;{}&#8221;][et_pb_fullwidth_header title=&#8221;Villas in Gran Canaria&#8221; subhead=&#8221;Contact&#8221; text_orientation=&#8221;center&#8221; header_fullscreen=&#8221;on&#8221; button_one_text=&#8221;Booking&#8221; button_one_url=&#8221;https:\/\/www.reservaonline.support\/sunshinbeachvillas\/reservas.html?undefined&#038;id_idioma=1&#8243; background_overlay_color=&#8221;rgba(0,0,0,0.3)&#8221; content_max_width=&#8221;50%&#8221; content_max_width_tablet=&#8221;80%&#8221; content_max_width_phone=&#8221;100%&#8221; content_max_width_last_edited=&#8221;on|tablet&#8221; admin_label=&#8221;Upload Script font into Sub Title in the Builder Tab&#8221; _builder_version=&#8221;4.21.0&#8243; title_font=&#8221;Montserrat|500||on|||||&#8221; title_text_align=&#8221;center&#8221; title_font_size=&#8221;13&#8243; title_letter_spacing=&#8221;3&#8243; subhead_font=&#8221;||||||||&#8221; subhead_font_size=&#8221;51px&#8221; subhead_line_height=&#8221;0.9em&#8221; background_enable_color=&#8221;off&#8221; background_image=&#8221;https:\/\/elregalodelosnumeros.comwp-content\/uploads\/sites\/2\/2021\/05\/b1d6c6.png&#8221; custom_padding=&#8221;75px||||false|false&#8221; hover_enabled=&#8221;0&#8243; subhead_font_tablet=&#8221;&#8221; subhead_font_phone=&#8221;&#8221; subhead_font_last_edited=&#8221;on|phone&#8221; subhead_font_size_tablet=&#8221;&#8221; subhead_font_size_phone=&#8221;46px&#8221; subhead_font_size_last_edited=&#8221;on|tablet&#8221; custom_css_title=&#8221;margin-bottom: 25px;&#8221; global_colors_info=&#8221;{}&#8221; button_one_text_size__hover_enabled=&#8221;off&#8221; button_two_text_size__hover_enabled=&#8221;off&#8221; button_one_text_color__hover_enabled=&#8221;off&#8221; button_two_text_color__hover_enabled=&#8221;off&#8221; button_one_border_width__hover_enabled=&#8221;off&#8221; button_two_border_width__hover_enabled=&#8221;off&#8221; button_one_border_color__hover_enabled=&#8221;off&#8221; button_two_border_color__hover_enabled=&#8221;off&#8221; button_one_border_radius__hover_enabled=&#8221;off&#8221; button_two_border_radius__hover_enabled=&#8221;off&#8221; button_one_letter_spacing__hover_enabled=&#8221;off&#8221; button_two_letter_spacing__hover_enabled=&#8221;off&#8221; button_one_bg_color__hover_enabled=&#8221;off&#8221; button_two_bg_color__hover_enabled=&#8221;off&#8221; sticky_enabled=&#8221;0&#8243;][\/et_pb_fullwidth_header][\/et_pb_section][et_pb_section fb_built=&#8221;1&#8243; _builder_version=&#8221;4.16&#8243; use_background_color_gradient=&#8221;on&#8221; background_color_gradient_direction=&#8221;90deg&#8221; background_color_gradient_stops=&#8221;#fdf6f4 25%|#ffffff 25%&#8221; background_color_gradient_start=&#8221;#fdf6f4&#8243; background_color_gradient_start_position=&#8221;25%&#8221; background_color_gradient_end=&#8221;#ffffff&#8221; background_color_gradient_end_position=&#8221;25%&#8221; global_colors_info=&#8221;{}&#8221;][et_pb_row column_structure=&#8221;1_2,1_2&#8243; make_equal=&#8221;on&#8221; module_class=&#8221; et_pb_row_fullwidth&#8221; _builder_version=&#8221;4.21.0&#8243; width=&#8221;89%&#8221; width_tablet=&#8221;80%&#8221; width_phone=&#8221;&#8221; width_last_edited=&#8221;on|desktop&#8221; max_width=&#8221;89%&#8221; max_width_tablet=&#8221;80%&#8221; max_width_phone=&#8221;&#8221; max_width_last_edited=&#8221;on|desktop&#8221; module_alignment=&#8221;center&#8221; make_fullwidth=&#8221;on&#8221; global_colors_info=&#8221;{}&#8221;][et_pb_column type=&#8221;1_2&#8243; _builder_version=&#8221;4.21.0&#8243; background_image=&#8221;https:\/\/sunshinebeachvillas.com\/english\/wp-content\/uploads\/sites\/4\/2023\/06\/62-Pool.jpg&#8221; background_blend=&#8221;soft-light&#8221; custom_padding_tablet=&#8221;&#8221; custom_padding_phone=&#8221;171px||||false|false&#8221; custom_padding_last_edited=&#8221;on|phone&#8221; global_colors_info=&#8221;{}&#8221; custom_padding__hover=&#8221;|||&#8221;][\/et_pb_column][et_pb_column type=&#8221;1_2&#8243; _builder_version=&#8221;4.16&#8243; custom_padding=&#8221;|||&#8221; global_colors_info=&#8221;{}&#8221; custom_padding__hover=&#8221;|||&#8221;][et_pb_text _builder_version=&#8221;4.21.0&#8243; text_font=&#8221;|600|||||||&#8221; text_letter_spacing=&#8221;2&#8243; text_orientation=&#8221;center&#8221; module_alignment=&#8221;center&#8221; custom_margin_tablet=&#8221;&#8221; custom_margin_phone=&#8221;30px||||false|false&#8221; custom_margin_last_edited=&#8221;on|phone&#8221; border_style=&#8221;solid&#8221; global_colors_info=&#8221;{}&#8221;]<\/p>\n<p>&nbsp;<\/p>\n<p><i><span>Tel: +34 629 823 342<\/span><\/i><\/p>\n<p><i><span> \u00a0info@sunshinebeachvillas.com<\/span><\/i><\/p>\n<p>[\/et_pb_text][et_pb_contact_form captcha=&#8221;off&#8221; email=&#8221; info@sunshinebeachvillas.com&#8221; module_id=&#8221;et_pb_contact_form_0&#8243; _builder_version=&#8221;4.21.0&#8243; _unique_id=&#8221;ceaba5f2-40e5-4d88-80f3-89e880fb52aa&#8221; form_field_background_color=&#8221;#ffffff&#8221; form_field_text_color=&#8221;#000000&#8243; title_font=&#8221;|on|||&#8221; title_text_color=&#8221;#000000&#8243; form_field_font=&#8221;||||||||&#8221; form_field_text_align=&#8221;center&#8221; text_orientation=&#8221;center&#8221; border_radii=&#8221;on|0px|0px|0px|0px&#8221; border_width_all=&#8221;1px&#8221; border_color_all=&#8221;#e1ad95&#8243; border_style=&#8221;solid&#8221; input_border_radius=&#8221;0&#8243; global_colors_info=&#8221;{}&#8221;][et_pb_contact_field field_id=&#8221;Name&#8221; field_title=&#8221;Name&#8221; fullwidth_field=&#8221;on&#8221; _builder_version=&#8221;4.21.0&#8243; form_field_font=&#8221;||||&#8221; use_border_color=&#8221;off&#8221; border_style=&#8221;solid&#8221; global_colors_info=&#8221;{}&#8221; button_text_size__hover_enabled=&#8221;off&#8221; button_one_text_size__hover_enabled=&#8221;off&#8221; button_two_text_size__hover_enabled=&#8221;off&#8221; button_text_color__hover_enabled=&#8221;off&#8221; button_one_text_color__hover_enabled=&#8221;off&#8221; button_two_text_color__hover_enabled=&#8221;off&#8221; button_border_width__hover_enabled=&#8221;off&#8221; button_one_border_width__hover_enabled=&#8221;off&#8221; button_two_border_width__hover_enabled=&#8221;off&#8221; button_border_color__hover_enabled=&#8221;off&#8221; button_one_border_color__hover_enabled=&#8221;off&#8221; button_two_border_color__hover_enabled=&#8221;off&#8221; button_border_radius__hover_enabled=&#8221;off&#8221; button_one_border_radius__hover_enabled=&#8221;off&#8221; button_two_border_radius__hover_enabled=&#8221;off&#8221; button_letter_spacing__hover_enabled=&#8221;off&#8221; button_one_letter_spacing__hover_enabled=&#8221;off&#8221; button_two_letter_spacing__hover_enabled=&#8221;off&#8221; button_bg_color__hover_enabled=&#8221;off&#8221; button_one_bg_color__hover_enabled=&#8221;off&#8221; button_two_bg_color__hover_enabled=&#8221;off&#8221;][\/et_pb_contact_field][et_pb_contact_field field_id=&#8221;Phone&#8221; field_title=&#8221;Phone&#8221; fullwidth_field=&#8221;on&#8221; _builder_version=&#8221;4.21.0&#8243; form_field_font=&#8221;||||&#8221; use_border_color=&#8221;off&#8221; border_style=&#8221;solid&#8221; global_colors_info=&#8221;{}&#8221; button_text_size__hover_enabled=&#8221;off&#8221; button_one_text_size__hover_enabled=&#8221;off&#8221; button_two_text_size__hover_enabled=&#8221;off&#8221; button_text_color__hover_enabled=&#8221;off&#8221; button_one_text_color__hover_enabled=&#8221;off&#8221; button_two_text_color__hover_enabled=&#8221;off&#8221; button_border_width__hover_enabled=&#8221;off&#8221; button_one_border_width__hover_enabled=&#8221;off&#8221; button_two_border_width__hover_enabled=&#8221;off&#8221; button_border_color__hover_enabled=&#8221;off&#8221; button_one_border_color__hover_enabled=&#8221;off&#8221; button_two_border_color__hover_enabled=&#8221;off&#8221; button_border_radius__hover_enabled=&#8221;off&#8221; button_one_border_radius__hover_enabled=&#8221;off&#8221; button_two_border_radius__hover_enabled=&#8221;off&#8221; button_letter_spacing__hover_enabled=&#8221;off&#8221; button_one_letter_spacing__hover_enabled=&#8221;off&#8221; button_two_letter_spacing__hover_enabled=&#8221;off&#8221; button_bg_color__hover_enabled=&#8221;off&#8221; button_one_bg_color__hover_enabled=&#8221;off&#8221; button_two_bg_color__hover_enabled=&#8221;off&#8221;][\/et_pb_contact_field][et_pb_contact_field field_id=&#8221;Email&#8221; field_title=&#8221;Email&#8221; field_type=&#8221;email&#8221; fullwidth_field=&#8221;on&#8221; _builder_version=&#8221;4.20.4&#8243; form_field_font=&#8221;||||&#8221; use_border_color=&#8221;off&#8221; border_style=&#8221;solid&#8221; global_colors_info=&#8221;{}&#8221; button_text_size__hover_enabled=&#8221;off&#8221; button_one_text_size__hover_enabled=&#8221;off&#8221; button_two_text_size__hover_enabled=&#8221;off&#8221; button_text_color__hover_enabled=&#8221;off&#8221; button_one_text_color__hover_enabled=&#8221;off&#8221; button_two_text_color__hover_enabled=&#8221;off&#8221; button_border_width__hover_enabled=&#8221;off&#8221; button_one_border_width__hover_enabled=&#8221;off&#8221; button_two_border_width__hover_enabled=&#8221;off&#8221; button_border_color__hover_enabled=&#8221;off&#8221; button_one_border_color__hover_enabled=&#8221;off&#8221; button_two_border_color__hover_enabled=&#8221;off&#8221; button_border_radius__hover_enabled=&#8221;off&#8221; button_one_border_radius__hover_enabled=&#8221;off&#8221; button_two_border_radius__hover_enabled=&#8221;off&#8221; button_letter_spacing__hover_enabled=&#8221;off&#8221; button_one_letter_spacing__hover_enabled=&#8221;off&#8221; button_two_letter_spacing__hover_enabled=&#8221;off&#8221; button_bg_color__hover_enabled=&#8221;off&#8221; button_one_bg_color__hover_enabled=&#8221;off&#8221; button_two_bg_color__hover_enabled=&#8221;off&#8221;][\/et_pb_contact_field][et_pb_contact_field field_id=&#8221;Message&#8221; field_title=&#8221;Message&#8221; field_type=&#8221;text&#8221; fullwidth_field=&#8221;on&#8221; _builder_version=&#8221;4.21.0&#8243; form_field_font=&#8221;||||&#8221; use_border_color=&#8221;off&#8221; border_style=&#8221;solid&#8221; global_colors_info=&#8221;{}&#8221; button_text_size__hover_enabled=&#8221;off&#8221; button_one_text_size__hover_enabled=&#8221;off&#8221; button_two_text_size__hover_enabled=&#8221;off&#8221; button_text_color__hover_enabled=&#8221;off&#8221; button_one_text_color__hover_enabled=&#8221;off&#8221; button_two_text_color__hover_enabled=&#8221;off&#8221; button_border_width__hover_enabled=&#8221;off&#8221; button_one_border_width__hover_enabled=&#8221;off&#8221; button_two_border_width__hover_enabled=&#8221;off&#8221; button_border_color__hover_enabled=&#8221;off&#8221; button_one_border_color__hover_enabled=&#8221;off&#8221; button_two_border_color__hover_enabled=&#8221;off&#8221; button_border_radius__hover_enabled=&#8221;off&#8221; button_one_border_radius__hover_enabled=&#8221;off&#8221; button_two_border_radius__hover_enabled=&#8221;off&#8221; button_letter_spacing__hover_enabled=&#8221;off&#8221; button_one_letter_spacing__hover_enabled=&#8221;off&#8221; button_two_letter_spacing__hover_enabled=&#8221;off&#8221; button_bg_color__hover_enabled=&#8221;off&#8221; button_one_bg_color__hover_enabled=&#8221;off&#8221; button_two_bg_color__hover_enabled=&#8221;off&#8221;][\/et_pb_contact_field][et_pb_contact_field field_id=&#8221;Privacy_Policy&#8221; field_type=&#8221;checkbox&#8221; checkbox_options=&#8221;%91{%22value%22:%22I have read and agree to the%22,%22checked%22:0,%22dragID%22:-1,%22link_url%22:%22https:\/\/sunshinebeachvillas.com\/english\/aviso-legal-y-politica-de-privacidad\/%22,%22link_text%22:%22Legal notice and privacy policy%22}%93&#8243; fullwidth_field=&#8221;on&#8221; _builder_version=&#8221;4.21.0&#8243; _module_preset=&#8221;default&#8221; global_colors_info=&#8221;{}&#8221;][\/et_pb_contact_field][\/et_pb_contact_form][\/et_pb_column][\/et_pb_row][\/et_pb_section][et_pb_section fb_built=&#8221;1&#8243; fullwidth=&#8221;on&#8221; _builder_version=&#8221;4.16&#8243; global_colors_info=&#8221;{}&#8221;][et_pb_fullwidth_map address=&#8221;Calle el Gavil\u00e1n, 3, 35130 Mog\u00e1n, Las Palmas, Espa\u00f1a&#8221; zoom_level=&#8221;16&#8243; address_lat=&#8221;27.7849831&#8243; address_lng=&#8221;-15.707395&#8243; _builder_version=&#8221;4.21.0&#8243; global_colors_info=&#8221;{}&#8221;][et_pb_map_pin title=&#8221;La Villa&#8221; pin_address=&#8221;C. el Gavil\u00e1n, 1, 35130 Mog\u00e1n, Las Palmas, Espa\u00f1a&#8221; zoom_level=&#8221;20&#8243; pin_address_lat=&#8221;27.785132596305&#8243; pin_address_lng=&#8221;-15.70727295949&#8243; _builder_version=&#8221;4.21.0&#8243; global_colors_info=&#8221;{}&#8221;]<\/p>\n<p class=\"m_3185436957818205618MsoListParagraph\">CALLE EL GAVIL\u00c1N 3<\/p>\n<p class=\"m_3185436957818205618MsoListParagraph\">CP- 35130. MOG\u00c1N<\/p>\n<p class=\"m_3185436957818205618MsoListParagraph\"><u><\/u>LAS PALMAS<\/p>\n<p>[\/et_pb_map_pin][\/et_pb_fullwidth_map][\/et_pb_section]<\/p>\n","protected":false},"excerpt":{"rendered":"<p>&nbsp; Tel: +34 629 823 342 \u00a0info@sunshinebeachvillas.comCALLE EL GAVIL\u00c1N 3 CP- 35130. MOG\u00c1N LAS PALMAS<\/p>\n","protected":false},"author":1,"featured_media":0,"parent":0,"menu_order":0,"comment_status":"closed","ping_status":"closed","template":"","meta":{"_et_pb_use_builder":"on","_et_pb_old_content":"","_et_gb_content_width":"","footnotes":""},"yoast_head":"<!-- This site is optimized with the Yoast SEO plugin v20.11 - https:\/\/yoast.com\/wordpress\/plugins\/seo\/ -->\n<title>CONTACTO VILLAS EN GRAN CANARIA - Sunshine Beach Villas English<\/title>\n<meta name=\"description\" content=\"Contacto villas en Gran Canaria. CALLE EL GAVIL\u00c1N 3CP- 35130. MOG\u00c1NLAS PALMAS. Tel: 629 823 342. Al lado de la playa y el puerto.\" \/>\n<meta name=\"robots\" content=\"index, follow, max-snippet:-1, max-image-preview:large, max-video-preview:-1\" \/>\n<link rel=\"canonical\" href=\"https:\/\/sunshinebeachvillas.com\/english\/contact-villas-en-gran-canaria\/\" \/>\n<meta property=\"og:locale\" content=\"en_US\" \/>\n<meta property=\"og:type\" content=\"article\" \/>\n<meta property=\"og:title\" content=\"CONTACTO VILLAS EN GRAN CANARIA - Sunshine Beach Villas English\" \/>\n<meta property=\"og:description\" content=\"Contacto villas en Gran Canaria. CALLE EL GAVIL\u00c1N 3CP- 35130. MOG\u00c1NLAS PALMAS. Tel: 629 823 342. Al lado de la playa y el puerto.\" \/>\n<meta property=\"og:url\" content=\"https:\/\/sunshinebeachvillas.com\/english\/contact-villas-en-gran-canaria\/\" \/>\n<meta property=\"og:site_name\" content=\"Sunshine Beach Villas English\" \/>\n<meta property=\"article:modified_time\" content=\"2023-08-25T07:23:29+00:00\" \/>\n<meta name=\"twitter:card\" content=\"summary_large_image\" \/>\n<meta name=\"twitter:label1\" content=\"Est. reading time\" \/>\n\t<meta name=\"twitter:data1\" content=\"5 minutes\" \/>\n<script type=\"application\/ld+json\" class=\"yoast-schema-graph\">{\"@context\":\"https:\/\/schema.org\",\"@graph\":[{\"@type\":\"WebPage\",\"@id\":\"https:\/\/sunshinebeachvillas.com\/english\/contact-villas-en-gran-canaria\/\",\"url\":\"https:\/\/sunshinebeachvillas.com\/english\/contact-villas-en-gran-canaria\/\",\"name\":\"CONTACTO VILLAS EN GRAN CANARIA - Sunshine Beach Villas English\",\"isPartOf\":{\"@id\":\"https:\/\/sunshinebeachvillas.com\/english\/#website\"},\"datePublished\":\"2019-05-17T11:03:31+00:00\",\"dateModified\":\"2023-08-25T07:23:29+00:00\",\"description\":\"Contacto villas en Gran Canaria. CALLE EL GAVIL\u00c1N 3CP- 35130. MOG\u00c1NLAS PALMAS. Tel: 629 823 342. Al lado de la playa y el puerto.\",\"breadcrumb\":{\"@id\":\"https:\/\/sunshinebeachvillas.com\/english\/contact-villas-en-gran-canaria\/#breadcrumb\"},\"inLanguage\":\"en-US\",\"potentialAction\":[{\"@type\":\"ReadAction\",\"target\":[\"https:\/\/sunshinebeachvillas.com\/english\/contact-villas-en-gran-canaria\/\"]}]},{\"@type\":\"BreadcrumbList\",\"@id\":\"https:\/\/sunshinebeachvillas.com\/english\/contact-villas-en-gran-canaria\/#breadcrumb\",\"itemListElement\":[{\"@type\":\"ListItem\",\"position\":1,\"name\":\"Portada\",\"item\":\"https:\/\/sunshinebeachvillas.com\/english\/\"},{\"@type\":\"ListItem\",\"position\":2,\"name\":\"CONTACT\"}]},{\"@type\":\"WebSite\",\"@id\":\"https:\/\/sunshinebeachvillas.com\/english\/#website\",\"url\":\"https:\/\/sunshinebeachvillas.com\/english\/\",\"name\":\"Sunshine Beach Villas English\",\"description\":\"Villa for rent in Gran Canaria\",\"potentialAction\":[{\"@type\":\"SearchAction\",\"target\":{\"@type\":\"EntryPoint\",\"urlTemplate\":\"https:\/\/sunshinebeachvillas.com\/english\/?s={search_term_string}\"},\"query-input\":\"required name=search_term_string\"}],\"inLanguage\":\"en-US\"}]}<\/script>\n<!-- \/ Yoast SEO plugin. -->","yoast_head_json":{"title":"CONTACTO VILLAS EN GRAN CANARIA - Sunshine Beach Villas English","description":"Contacto villas en Gran Canaria. CALLE EL GAVIL\u00c1N 3CP- 35130. MOG\u00c1NLAS PALMAS. Tel: 629 823 342. Al lado de la playa y el puerto.","robots":{"index":"index","follow":"follow","max-snippet":"max-snippet:-1","max-image-preview":"max-image-preview:large","max-video-preview":"max-video-preview:-1"},"canonical":"https:\/\/sunshinebeachvillas.com\/english\/contact-villas-en-gran-canaria\/","og_locale":"en_US","og_type":"article","og_title":"CONTACTO VILLAS EN GRAN CANARIA - Sunshine Beach Villas English","og_description":"Contacto villas en Gran Canaria. CALLE EL GAVIL\u00c1N 3CP- 35130. MOG\u00c1NLAS PALMAS. Tel: 629 823 342. Al lado de la playa y el puerto.","og_url":"https:\/\/sunshinebeachvillas.com\/english\/contact-villas-en-gran-canaria\/","og_site_name":"Sunshine Beach Villas English","article_modified_time":"2023-08-25T07:23:29+00:00","twitter_card":"summary_large_image","twitter_misc":{"Est. reading time":"5 minutes"},"schema":{"@context":"https:\/\/schema.org","@graph":[{"@type":"WebPage","@id":"https:\/\/sunshinebeachvillas.com\/english\/contact-villas-en-gran-canaria\/","url":"https:\/\/sunshinebeachvillas.com\/english\/contact-villas-en-gran-canaria\/","name":"CONTACTO VILLAS EN GRAN CANARIA - Sunshine Beach Villas English","isPartOf":{"@id":"https:\/\/sunshinebeachvillas.com\/english\/#website"},"datePublished":"2019-05-17T11:03:31+00:00","dateModified":"2023-08-25T07:23:29+00:00","description":"Contacto villas en Gran Canaria. CALLE EL GAVIL\u00c1N 3CP- 35130. MOG\u00c1NLAS PALMAS. Tel: 629 823 342. Al lado de la playa y el puerto.","breadcrumb":{"@id":"https:\/\/sunshinebeachvillas.com\/english\/contact-villas-en-gran-canaria\/#breadcrumb"},"inLanguage":"en-US","potentialAction":[{"@type":"ReadAction","target":["https:\/\/sunshinebeachvillas.com\/english\/contact-villas-en-gran-canaria\/"]}]},{"@type":"BreadcrumbList","@id":"https:\/\/sunshinebeachvillas.com\/english\/contact-villas-en-gran-canaria\/#breadcrumb","itemListElement":[{"@type":"ListItem","position":1,"name":"Portada","item":"https:\/\/sunshinebeachvillas.com\/english\/"},{"@type":"ListItem","position":2,"name":"CONTACT"}]},{"@type":"WebSite","@id":"https:\/\/sunshinebeachvillas.com\/english\/#website","url":"https:\/\/sunshinebeachvillas.com\/english\/","name":"Sunshine Beach Villas English","description":"Villa for rent in Gran Canaria","potentialAction":[{"@type":"SearchAction","target":{"@type":"EntryPoint","urlTemplate":"https:\/\/sunshinebeachvillas.com\/english\/?s={search_term_string}"},"query-input":"required name=search_term_string"}],"inLanguage":"en-US"}]}},"_links":{"self":[{"href":"https:\/\/sunshinebeachvillas.com\/english\/wp-json\/wp\/v2\/pages\/210152"}],"collection":[{"href":"https:\/\/sunshinebeachvillas.com\/english\/wp-json\/wp\/v2\/pages"}],"about":[{"href":"https:\/\/sunshinebeachvillas.com\/english\/wp-json\/wp\/v2\/types\/page"}],"author":[{"embeddable":true,"href":"https:\/\/sunshinebeachvillas.com\/english\/wp-json\/wp\/v2\/users\/1"}],"replies":[{"embeddable":true,"href":"https:\/\/sunshinebeachvillas.com\/english\/wp-json\/wp\/v2\/comments?post=210152"}],"version-history":[{"count":37,"href":"https:\/\/sunshinebeachvillas.com\/english\/wp-json\/wp\/v2\/pages\/210152\/revisions"}],"predecessor-version":[{"id":211187,"href":"https:\/\/sunshinebeachvillas.com\/english\/wp-json\/wp\/v2\/pages\/210152\/revisions\/211187"}],"wp:attachment":[{"href":"https:\/\/sunshinebeachvillas.com\/english\/wp-json\/wp\/v2\/media?parent=210152"}],"curies":[{"name":"wp","href":"https:\/\/api.w.org\/{rel}","templated":true}]}}